{"id":1273,"date":"2024-03-08T14:04:30","date_gmt":"2024-03-08T18:04:30","guid":{"rendered":"https:\/\/forteathletic.com\/?post_type=product&#038;p=1273"},"modified":"2025-06-20T15:27:18","modified_gmt":"2025-06-20T19:27:18","slug":"medias-forte","status":"publish","type":"product","link":"https:\/\/forteathletic.com\/?product=medias-forte","title":{"rendered":"MEDIAS FORTE PREMIUM"},"content":{"rendered":"<div class=\"x11i5rnm xat24cr x1mh8g0r x1vvkbs xtlvy1s x126k92a\">\n<div dir=\"auto\">DETALLES:<\/div>\n<div dir=\"auto\">&#8211; Pie forma anat\u00f3mica.<\/div>\n<div dir=\"auto\">&#8211; Zona del tobillo y del tend\u00f3n de Aquiles acolchada.<\/div>\n<div dir=\"auto\">&#8211; Plantilla acolchada.<\/div>\n<div dir=\"auto\">&#8211; Inserci\u00f3n de malla en la pantorrilla.<\/div>\n<div dir=\"auto\">&#8211; Pu\u00f1o ancho acanalado.<\/div>\n<\/div>\n<div class=\"x11i5rnm xat24cr x1mh8g0r x1vvkbs xtlvy1s x126k92a\">\n<div dir=\"auto\">MATERIAL:<\/div>\n<div dir=\"auto\">72% nylon, 11% polipropileno, 10% elastano, 7% poliamida.<\/div>\n<\/div>\n","protected":false},"excerpt":{"rendered":"<p>DETALLES: &#8211; Pie forma anat\u00f3mica. &#8211; Zona del tobillo y del tend\u00f3n de Aquiles acolchada. &#8211; Plantilla acolchada. &#8211; Inserci\u00f3n de malla en la pantorrilla. &#8211; Pu\u00f1o ancho acanalado. MATERIAL: 72% nylon, 11% polipropileno, 10% elastano, 7% poliamida.<\/p>\n","protected":false},"featured_media":1280,"template":"","meta":{"om_disable_all_campaigns":false,"_monsterinsights_skip_tracking":false,"_monsterinsights_sitenote_active":false,"_monsterinsights_sitenote_note":"","_monsterinsights_sitenote_category":0},"product_brand":[],"product_cat":[38,18],"product_tag":[],"class_list":{"0":"post-1273","1":"product","2":"type-product","3":"status-publish","4":"has-post-thumbnail","6":"product_cat-accesorios-sin-categorizar","7":"product_cat-sin-categorizar","9":"first","10":"instock","11":"shipping-taxable","12":"purchasable","13":"product-type-variable"},"aioseo_notices":[],"jetpack_sharing_enabled":true,"_links":{"self":[{"href":"https:\/\/forteathletic.com\/index.php?rest_route=\/wp\/v2\/product\/1273","targetHints":{"allow":["GET"]}}],"collection":[{"href":"https:\/\/forteathletic.com\/index.php?rest_route=\/wp\/v2\/product"}],"about":[{"href":"https:\/\/forteathletic.com\/index.php?rest_route=\/wp\/v2\/types\/product"}],"wp:featuredmedia":[{"embeddable":true,"href":"https:\/\/forteathletic.com\/index.php?rest_route=\/wp\/v2\/media\/1280"}],"wp:attachment":[{"href":"https:\/\/forteathletic.com\/index.php?rest_route=%2Fwp%2Fv2%2Fmedia&parent=1273"}],"wp:term":[{"taxonomy":"product_brand","embeddable":true,"href":"https:\/\/forteathletic.com\/index.php?rest_route=%2Fwp%2Fv2%2Fproduct_brand&post=1273"},{"taxonomy":"product_cat","embeddable":true,"href":"https:\/\/forteathletic.com\/index.php?rest_route=%2Fwp%2Fv2%2Fproduct_cat&post=1273"},{"taxonomy":"product_tag","embeddable":true,"href":"https:\/\/forteathletic.com\/index.php?rest_route=%2Fwp%2Fv2%2Fproduct_tag&post=1273"}],"curies":[{"name":"wp","href":"https:\/\/api.w.org\/{rel}","templated":true}]}}